{"id":280320,"date":"2026-01-20T10:18:12","date_gmt":"2026-01-20T09:18:12","guid":{"rendered":"https:\/\/unicawebstudio.com\/preguntas-frecuentes\/"},"modified":"2026-01-20T10:18:13","modified_gmt":"2026-01-20T09:18:13","slug":"preguntas-frecuentes","status":"publish","type":"page","link":"https:\/\/unicawebstudio.com\/es\/preguntas-frecuentes\/","title":{"rendered":"PREGUNTAS FRECUENTES"},"content":{"rendered":"\t\t<div data-elementor-type=\"wp-page\" data-elementor-id=\"280320\" class=\"elementor elementor-280320 elementor-223304\" data-elementor-settings=\"{&quot;ha_cmc_init_switcher&quot;:&quot;no&quot;}\" data-elementor-post-type=\"page\">\n\t\t\t\t\t\t<section class=\"elementor-section elementor-top-section elementor-element elementor-element-20170eb elementor-section-boxed elementor-section-height-default elementor-section-height-default\" data-id=\"20170eb\" data-element_type=\"section\" data-e-type=\"section\" data-settings=\"{&quot;jet_parallax_layout_list&quot;:[],&quot;background_background&quot;:&quot;classic&quot;,&quot;_ha_eqh_enable&quot;:false}\">\n\t\t\t\t\t\t<div class=\"elementor-container elementor-column-gap-default\">\n\t\t\t\t\t<div class=\"elementor-column elementor-col-100 elementor-top-column elementor-element elementor-element-60e7511\" data-id=\"60e7511\" data-element_type=\"column\" data-e-type=\"column\">\n\t\t\t<div class=\"elementor-widget-wrap elementor-element-populated\">\n\t\t\t\t\t\t<div class=\"elementor-element elementor-element-4b06aa1 elementor-widget elementor-widget-heading\" data-id=\"4b06aa1\" data-element_type=\"widget\" data-e-type=\"widget\" data-widget_type=\"heading.default\">\n\t\t\t\t<div class=\"elementor-widget-container\">\n\t\t\t\t\t<h2 class=\"elementor-heading-title elementor-size-default\">Todas las preguntas frecuentes del sitio y de nuestros servicios<\/h2>\t\t\t\t<\/div>\n\t\t\t\t<\/div>\n\t\t\t\t\t<\/div>\n\t\t<\/div>\n\t\t\t\t\t<\/div>\n\t\t<\/section>\n\t\t\t\t<section class=\"elementor-section elementor-top-section elementor-element elementor-element-ab03fa7 elementor-section-boxed elementor-section-height-default elementor-section-height-default\" data-id=\"ab03fa7\" data-element_type=\"section\" data-e-type=\"section\" data-settings=\"{&quot;jet_parallax_layout_list&quot;:[{&quot;jet_parallax_layout_image&quot;:{&quot;url&quot;:&quot;&quot;,&quot;id&quot;:&quot;&quot;,&quot;size&quot;:&quot;&quot;},&quot;_id&quot;:&quot;3b6f5f5&quot;,&quot;jet_parallax_layout_image_tablet&quot;:{&quot;url&quot;:&quot;&quot;,&quot;id&quot;:&quot;&quot;,&quot;size&quot;:&quot;&quot;},&quot;jet_parallax_layout_image_mobile&quot;:{&quot;url&quot;:&quot;&quot;,&quot;id&quot;:&quot;&quot;,&quot;size&quot;:&quot;&quot;},&quot;jet_parallax_layout_speed&quot;:{&quot;unit&quot;:&quot;%&quot;,&quot;size&quot;:50,&quot;sizes&quot;:[]},&quot;jet_parallax_layout_type&quot;:&quot;scroll&quot;,&quot;jet_parallax_layout_direction&quot;:&quot;1&quot;,&quot;jet_parallax_layout_fx_direction&quot;:null,&quot;jet_parallax_layout_z_index&quot;:&quot;&quot;,&quot;jet_parallax_layout_bg_x&quot;:50,&quot;jet_parallax_layout_bg_x_tablet&quot;:&quot;&quot;,&quot;jet_parallax_layout_bg_x_mobile&quot;:&quot;&quot;,&quot;jet_parallax_layout_bg_y&quot;:50,&quot;jet_parallax_layout_bg_y_tablet&quot;:&quot;&quot;,&quot;jet_parallax_layout_bg_y_mobile&quot;:&quot;&quot;,&quot;jet_parallax_layout_bg_size&quot;:&quot;auto&quot;,&quot;jet_parallax_layout_bg_size_tablet&quot;:&quot;&quot;,&quot;jet_parallax_layout_bg_size_mobile&quot;:&quot;&quot;,&quot;jet_parallax_layout_animation_prop&quot;:&quot;transform&quot;,&quot;jet_parallax_layout_on&quot;:[&quot;desktop&quot;,&quot;tablet&quot;]}],&quot;_ha_eqh_enable&quot;:false}\">\n\t\t\t\t\t\t<div class=\"elementor-container elementor-column-gap-default\">\n\t\t\t\t\t<div class=\"elementor-column elementor-col-100 elementor-top-column elementor-element elementor-element-d75e108\" data-id=\"d75e108\" data-element_type=\"column\" data-e-type=\"column\">\n\t\t\t<div class=\"elementor-widget-wrap elementor-element-populated\">\n\t\t\t\t\t\t<div class=\"elementor-element elementor-element-c8b55a9 elementor-widget elementor-widget-accordion\" data-id=\"c8b55a9\" data-element_type=\"widget\" data-e-type=\"widget\" data-widget_type=\"accordion.default\">\n\t\t\t\t<div class=\"elementor-widget-container\">\n\t\t\t\t\t\t\t<div class=\"elementor-accordion\">\n\t\t\t\t\t\t\t<div class=\"elementor-accordion-item\">\n\t\t\t\t\t<div id=\"elementor-tab-title-2101\" class=\"elementor-tab-title\" data-tab=\"1\" role=\"button\" aria-controls=\"elementor-tab-content-2101\" aria-expanded=\"false\">\n\t\t\t\t\t\t\t\t\t\t\t\t\t<span class=\"elementor-accordion-icon elementor-accordion-icon-left\" aria-hidden=\"true\">\n\t\t\t\t\t\t\t\t\t\t\t\t\t\t\t<span class=\"elementor-accordion-icon-closed\"><i class=\"fas fa-plus\"><\/i><\/span>\n\t\t\t\t\t\t\t\t<span class=\"elementor-accordion-icon-opened\"><i class=\"fas fa-minus\"><\/i><\/span>\n\t\t\t\t\t\t\t\t\t\t\t\t\t\t<\/span>\n\t\t\t\t\t\t\t\t\t\t\t\t<a class=\"elementor-accordion-title\" tabindex=\"0\">Mayor interacci\u00f3n en Facebook<\/a>\n\t\t\t\t\t<\/div>\n\t\t\t\t\t<div id=\"elementor-tab-content-2101\" class=\"elementor-tab-content elementor-clearfix\" data-tab=\"1\" role=\"region\" aria-labelledby=\"elementor-tab-title-2101\"><p><b>\u00bfQu\u00e9 sistema utilizamos para potenciar tus<\/b> servicios <b>en Facebook?<\/b><br \/>A diferencia de muchas agencias que ofrecen este servicio a precios de saldo, proporcionando interacciones desde perfiles falsos mediante el uso de bots, nuestra oferta de gesti\u00f3n de <a href=\"http:\/\/unicawebstudio.com\/attivita-facebook\/\">la actividad en Facebook<\/a> se basa, en cambio, en la colaboraci\u00f3n constante con usuarios reales y activos a trav\u00e9s de grupos con miles de fans y que desean interactuar libremente y sin ning\u00fan tipo de limitaciones en cada producto individual.<br \/>Gestionamos los servicios mediante:<\/p>\n<ul>\n<li>aumentar Como<\/li>\n<li>Aumento de los comentarios<\/li>\n<li>aumento de visitas<\/li>\n<li>aumento de los Fans<\/li>\n<li>participaci\u00f3n en eventos<\/li>\n<li>inter\u00e9s por los eventos<\/li>\n<\/ul>\n<\/div>\n\t\t\t\t<\/div>\n\t\t\t\t\t\t\t<div class=\"elementor-accordion-item\">\n\t\t\t\t\t<div id=\"elementor-tab-title-2102\" class=\"elementor-tab-title\" data-tab=\"2\" role=\"button\" aria-controls=\"elementor-tab-content-2102\" aria-expanded=\"false\">\n\t\t\t\t\t\t\t\t\t\t\t\t\t<span class=\"elementor-accordion-icon elementor-accordion-icon-left\" aria-hidden=\"true\">\n\t\t\t\t\t\t\t\t\t\t\t\t\t\t\t<span class=\"elementor-accordion-icon-closed\"><i class=\"fas fa-plus\"><\/i><\/span>\n\t\t\t\t\t\t\t\t<span class=\"elementor-accordion-icon-opened\"><i class=\"fas fa-minus\"><\/i><\/span>\n\t\t\t\t\t\t\t\t\t\t\t\t\t\t<\/span>\n\t\t\t\t\t\t\t\t\t\t\t\t<a class=\"elementor-accordion-title\" tabindex=\"0\">Mayor interacci\u00f3n en YouTube<\/a>\n\t\t\t\t\t<\/div>\n\t\t\t\t\t<div id=\"elementor-tab-content-2102\" class=\"elementor-tab-content elementor-clearfix\" data-tab=\"2\" role=\"region\" aria-labelledby=\"elementor-tab-title-2102\"><p><b>\u00bfQu\u00e9 sistema utilizamos para aumentar tus servicios en Youtube?<\/b><br \/>El sistema de gesti\u00f3n de <a href=\"http:\/\/unicawebstudio.com\/youtube\/\">la actividad en Youtube<\/a> que utilizamos se basa en invitaciones a usuarios reales y activos a trav\u00e9s de grupos con cientos de fans, tanto italianos como internacionales.<br \/>Puedes optar por redactarlas t\u00fa mismo, teniendo cuidado de informar del n\u00famero correcto de interacciones seg\u00fan el servicio y la cantidad que elijas comprar, o puedes relajarte y dejarnos esta tarea a nosotros.<br \/>Gestionaremos para ti comentarios espec\u00edficos que mejoren el contenido de forma coherente, utilizando as\u00ed nuestra experiencia en este \u00e1mbito para que tu v\u00eddeo y sus acciones tengan a\u00fan m\u00e1s autoridad.<br \/>A diferencia de muchas agencias, nuestro sistema se basa en la interacci\u00f3n libre de cualquier restricci\u00f3n para promover las numerosas propuestas.<br \/>Gestionamos servicios de:<\/p>\n<ul>\n<li>\n<p>aumentar Comentarios<\/p>\n<\/li>\n<li>\n<p>aumentar Como<\/p>\n<\/li>\n<li>\n<p>compartir V\u00eddeo<\/p>\n<\/li>\n<li>\n<p>Aumento del n\u00famero de miembros del canal<\/p>\n<\/li>\n<\/ul>\n<\/div>\n\t\t\t\t<\/div>\n\t\t\t\t\t\t\t<div class=\"elementor-accordion-item\">\n\t\t\t\t\t<div id=\"elementor-tab-title-2103\" class=\"elementor-tab-title\" data-tab=\"3\" role=\"button\" aria-controls=\"elementor-tab-content-2103\" aria-expanded=\"false\">\n\t\t\t\t\t\t\t\t\t\t\t\t\t<span class=\"elementor-accordion-icon elementor-accordion-icon-left\" aria-hidden=\"true\">\n\t\t\t\t\t\t\t\t\t\t\t\t\t\t\t<span class=\"elementor-accordion-icon-closed\"><i class=\"fas fa-plus\"><\/i><\/span>\n\t\t\t\t\t\t\t\t<span class=\"elementor-accordion-icon-opened\"><i class=\"fas fa-minus\"><\/i><\/span>\n\t\t\t\t\t\t\t\t\t\t\t\t\t\t<\/span>\n\t\t\t\t\t\t\t\t\t\t\t\t<a class=\"elementor-accordion-title\" tabindex=\"0\">Mayor interacci\u00f3n en Instagram<\/a>\n\t\t\t\t\t<\/div>\n\t\t\t\t\t<div id=\"elementor-tab-content-2103\" class=\"elementor-tab-content elementor-clearfix\" data-tab=\"3\" role=\"region\" aria-labelledby=\"elementor-tab-title-2103\"><p><b>\u00bfQu\u00e9 sistema utilizamos para<\/b> promocionar <b>tus<\/b> servicios de <b>Instagram?<\/b><br \/>S\u00f3lo proporcionamos <a href=\"http:\/\/unicawebstudio.com\/attivita-instagram\/follower-in-target-instagram\/\">actividad en Instagram<\/a> a trav\u00e9s de perfiles de miembros reales y activos y a trav\u00e9s de comunidades con un gran n\u00famero de seguidores, a los que se anima a que libremente y sin ning\u00fan tipo de restricciones pongan likes, comentarios en el post a promocionar o interact\u00faen a trav\u00e9s de visualizaciones de v\u00eddeos, historias y otras ofertas.<br \/>Gestionamos servicios de:<\/p>\n<ul>\n<li>\n<p>Aumento de seguidores<\/p>\n<\/li>\n<li>\n<p>aumentar italiano, internacional, igtv y directo Como<\/p>\n<\/li>\n<li>\n<p>aumentar Me gusta en futuras publicaciones<\/p>\n<\/li>\n<li>\n<p>aumento de visualizaciones historias, en directo, reels e igtv<\/p>\n<\/li>\n<\/ul>\n<p><b>RECUERDA<\/b>: para la gesti\u00f3n de los <a href=\"http:\/\/unicawebstudio.com\/attivita-instagram\/follower-in-target-instagram\/\">seguidores objetivo<\/a>, te aconsejamos que consultes directamente las especificaciones de la ficha del producto<\/p>\n<\/div>\n\t\t\t\t<\/div>\n\t\t\t\t\t\t\t<div class=\"elementor-accordion-item\">\n\t\t\t\t\t<div id=\"elementor-tab-title-2104\" class=\"elementor-tab-title\" data-tab=\"4\" role=\"button\" aria-controls=\"elementor-tab-content-2104\" aria-expanded=\"false\">\n\t\t\t\t\t\t\t\t\t\t\t\t\t<span class=\"elementor-accordion-icon elementor-accordion-icon-left\" aria-hidden=\"true\">\n\t\t\t\t\t\t\t\t\t\t\t\t\t\t\t<span class=\"elementor-accordion-icon-closed\"><i class=\"fas fa-plus\"><\/i><\/span>\n\t\t\t\t\t\t\t\t<span class=\"elementor-accordion-icon-opened\"><i class=\"fas fa-minus\"><\/i><\/span>\n\t\t\t\t\t\t\t\t\t\t\t\t\t\t<\/span>\n\t\t\t\t\t\t\t\t\t\t\t\t<a class=\"elementor-accordion-title\" tabindex=\"0\">Mayor interacci\u00f3n con Spotify<\/a>\n\t\t\t\t\t<\/div>\n\t\t\t\t\t<div id=\"elementor-tab-content-2104\" class=\"elementor-tab-content elementor-clearfix\" data-tab=\"4\" role=\"region\" aria-labelledby=\"elementor-tab-title-2104\"><p><b>\u00bfQu\u00e9 sistema utilizamos para impulsar tus servicios de Spotify?<\/b><br \/>No proporcionamos perfiles falsos mediante el uso de bots, sino que, al igual que con el resto de servicios, nuestro sistema de gesti\u00f3n de <a href=\"http:\/\/unicawebstudio.com\/spotify\/\">la actividad en Spotify<\/a> se basa, en cambio, en el env\u00edo de invitaciones a usuarios reales y activos a trav\u00e9s de grupos con miles de fans implicados para que sigan tu canal libremente y sin ning\u00fan tipo de restricciones.<br \/>Gestionamos los servicios mediante:<\/p>\n<ul>\n<li>\n<p>promoci\u00f3n de Obras<\/p>\n<\/li>\n<li>\n<p>aumento de Plays<\/p>\n<\/li>\n<li>\n<p>aumento de Seguidores<\/p>\n<\/li>\n<li>\n<p>aumento de las audiencias<\/p>\n<\/li>\n<\/ul>\n<\/div>\n\t\t\t\t<\/div>\n\t\t\t\t\t\t\t<div class=\"elementor-accordion-item\">\n\t\t\t\t\t<div id=\"elementor-tab-title-2105\" class=\"elementor-tab-title\" data-tab=\"5\" role=\"button\" aria-controls=\"elementor-tab-content-2105\" aria-expanded=\"false\">\n\t\t\t\t\t\t\t\t\t\t\t\t\t<span class=\"elementor-accordion-icon elementor-accordion-icon-left\" aria-hidden=\"true\">\n\t\t\t\t\t\t\t\t\t\t\t\t\t\t\t<span class=\"elementor-accordion-icon-closed\"><i class=\"fas fa-plus\"><\/i><\/span>\n\t\t\t\t\t\t\t\t<span class=\"elementor-accordion-icon-opened\"><i class=\"fas fa-minus\"><\/i><\/span>\n\t\t\t\t\t\t\t\t\t\t\t\t\t\t<\/span>\n\t\t\t\t\t\t\t\t\t\t\t\t<a class=\"elementor-accordion-title\" tabindex=\"0\">Mayor interacci\u00f3n en TikTok<\/a>\n\t\t\t\t\t<\/div>\n\t\t\t\t\t<div id=\"elementor-tab-content-2105\" class=\"elementor-tab-content elementor-clearfix\" data-tab=\"5\" role=\"region\" aria-labelledby=\"elementor-tab-title-2105\"><p><b>\u00bfQu\u00e9 sistema utilizamos para aumentar tus<\/b> servicios <a href=\"http:\/\/unicawebstudio.com\/tik-tok\/\">en TikTok<\/a> <b>?<\/b><br \/>El sistema que utilizamos para gestionar las actividades en TikTok se basa en compartir tu perfil a trav\u00e9s de grupos que gozan de amplia visibilidad invitando a los usuarios a seguir tu perfil libremente y sin restricciones de promoci\u00f3n.<br \/>Gestionamos los servicios por:<\/p>\n<ul>\n<li>\n<p>aumento de Seguidores<\/p>\n<\/li>\n<li>\n<p>aumento de Likes<\/p>\n<\/li>\n<li>\n<p>aumento de visitas<\/p>\n<\/li>\n<\/ul>\n<\/div>\n\t\t\t\t<\/div>\n\t\t\t\t\t\t\t<div class=\"elementor-accordion-item\">\n\t\t\t\t\t<div id=\"elementor-tab-title-2106\" class=\"elementor-tab-title\" data-tab=\"6\" role=\"button\" aria-controls=\"elementor-tab-content-2106\" aria-expanded=\"false\">\n\t\t\t\t\t\t\t\t\t\t\t\t\t<span class=\"elementor-accordion-icon elementor-accordion-icon-left\" aria-hidden=\"true\">\n\t\t\t\t\t\t\t\t\t\t\t\t\t\t\t<span class=\"elementor-accordion-icon-closed\"><i class=\"fas fa-plus\"><\/i><\/span>\n\t\t\t\t\t\t\t\t<span class=\"elementor-accordion-icon-opened\"><i class=\"fas fa-minus\"><\/i><\/span>\n\t\t\t\t\t\t\t\t\t\t\t\t\t\t<\/span>\n\t\t\t\t\t\t\t\t\t\t\t\t<a class=\"elementor-accordion-title\" tabindex=\"0\">Aumento de la interacci\u00f3n Twitch<\/a>\n\t\t\t\t\t<\/div>\n\t\t\t\t\t<div id=\"elementor-tab-content-2106\" class=\"elementor-tab-content elementor-clearfix\" data-tab=\"6\" role=\"region\" aria-labelledby=\"elementor-tab-title-2106\"><p><b>\u00bfQu\u00e9 sistema utilizamos para aumentar tus<\/b> servicios <b>de Twitch?<\/b><br \/>El sistema utilizado para gestionar <a href=\"http:\/\/unicawebstudio.com\/twitch\/\">las actividades de<\/a> Twitch con el aumento de visitas y seguidores se basa en la participaci\u00f3n de suscriptores de Twitch reales y realmente activos, incluso a trav\u00e9s de grupos de seguidores con miles de fans promocionan.<br \/>Gestionamos los servicios por:<\/p>\n<ul>\n<li>\n<p>aumento de Seguidores<\/p>\n<\/li>\n<li>\n<p>aumento de visitas<\/p>\n<\/li>\n<\/ul>\n<\/div>\n\t\t\t\t<\/div>\n\t\t\t\t\t\t\t\t<\/div>\n\t\t\t\t\t\t<\/div>\n\t\t\t\t<\/div>\n\t\t\t\t\t<\/div>\n\t\t<\/div>\n\t\t\t\t\t<\/div>\n\t\t<\/section>\n\t\t\t\t<section class=\"elementor-section elementor-top-section elementor-element elementor-element-553f1fd elementor-section-boxed elementor-section-height-default elementor-section-height-default\" data-id=\"553f1fd\" data-element_type=\"section\" data-e-type=\"section\" data-settings=\"{&quot;jet_parallax_layout_list&quot;:[{&quot;jet_parallax_layout_image&quot;:{&quot;url&quot;:&quot;&quot;,&quot;id&quot;:&quot;&quot;,&quot;size&quot;:&quot;&quot;},&quot;_id&quot;:&quot;540b17f&quot;,&quot;jet_parallax_layout_image_tablet&quot;:{&quot;url&quot;:&quot;&quot;,&quot;id&quot;:&quot;&quot;,&quot;size&quot;:&quot;&quot;},&quot;jet_parallax_layout_image_mobile&quot;:{&quot;url&quot;:&quot;&quot;,&quot;id&quot;:&quot;&quot;,&quot;size&quot;:&quot;&quot;},&quot;jet_parallax_layout_speed&quot;:{&quot;unit&quot;:&quot;%&quot;,&quot;size&quot;:50,&quot;sizes&quot;:[]},&quot;jet_parallax_layout_type&quot;:&quot;scroll&quot;,&quot;jet_parallax_layout_direction&quot;:&quot;1&quot;,&quot;jet_parallax_layout_fx_direction&quot;:null,&quot;jet_parallax_layout_z_index&quot;:&quot;&quot;,&quot;jet_parallax_layout_bg_x&quot;:50,&quot;jet_parallax_layout_bg_x_tablet&quot;:&quot;&quot;,&quot;jet_parallax_layout_bg_x_mobile&quot;:&quot;&quot;,&quot;jet_parallax_layout_bg_y&quot;:50,&quot;jet_parallax_layout_bg_y_tablet&quot;:&quot;&quot;,&quot;jet_parallax_layout_bg_y_mobile&quot;:&quot;&quot;,&quot;jet_parallax_layout_bg_size&quot;:&quot;auto&quot;,&quot;jet_parallax_layout_bg_size_tablet&quot;:&quot;&quot;,&quot;jet_parallax_layout_bg_size_mobile&quot;:&quot;&quot;,&quot;jet_parallax_layout_animation_prop&quot;:&quot;transform&quot;,&quot;jet_parallax_layout_on&quot;:[&quot;desktop&quot;,&quot;tablet&quot;]}],&quot;_ha_eqh_enable&quot;:false}\">\n\t\t\t\t\t\t<div class=\"elementor-container elementor-column-gap-default\">\n\t\t\t\t\t<div class=\"elementor-column elementor-col-100 elementor-top-column elementor-element elementor-element-b212836\" data-id=\"b212836\" data-element_type=\"column\" data-e-type=\"column\">\n\t\t\t<div class=\"elementor-widget-wrap elementor-element-populated\">\n\t\t\t\t\t\t<div class=\"elementor-element elementor-element-03a598a elementor-widget elementor-widget-heading\" data-id=\"03a598a\" data-element_type=\"widget\" data-e-type=\"widget\" data-widget_type=\"heading.default\">\n\t\t\t\t<div class=\"elementor-widget-container\">\n\t\t\t\t\t<h2 class=\"elementor-heading-title elementor-size-default\">Preguntas y respuestas<\/h2>\t\t\t\t<\/div>\n\t\t\t\t<\/div>\n\t\t\t\t<div class=\"elementor-element elementor-element-dd17bae elementor-widget elementor-widget-accordion\" data-id=\"dd17bae\" data-element_type=\"widget\" data-e-type=\"widget\" data-widget_type=\"accordion.default\">\n\t\t\t\t<div class=\"elementor-widget-container\">\n\t\t\t\t\t\t\t<div class=\"elementor-accordion\">\n\t\t\t\t\t\t\t<div class=\"elementor-accordion-item\">\n\t\t\t\t\t<div id=\"elementor-tab-title-2311\" class=\"elementor-tab-title\" data-tab=\"1\" role=\"button\" aria-controls=\"elementor-tab-content-2311\" aria-expanded=\"false\">\n\t\t\t\t\t\t\t\t\t\t\t\t\t<span class=\"elementor-accordion-icon elementor-accordion-icon-left\" aria-hidden=\"true\">\n\t\t\t\t\t\t\t\t\t\t\t\t\t\t\t<span class=\"elementor-accordion-icon-closed\"><i class=\"fas fa-plus\"><\/i><\/span>\n\t\t\t\t\t\t\t\t<span class=\"elementor-accordion-icon-opened\"><i class=\"fas fa-minus\"><\/i><\/span>\n\t\t\t\t\t\t\t\t\t\t\t\t\t\t<\/span>\n\t\t\t\t\t\t\t\t\t\t\t\t<a class=\"elementor-accordion-title\" tabindex=\"0\">\u00bfGarantiz\u00e1is el servicio?<\/a>\n\t\t\t\t\t<\/div>\n\t\t\t\t\t<div id=\"elementor-tab-content-2311\" class=\"elementor-tab-content elementor-clearfix\" data-tab=\"1\" role=\"region\" aria-labelledby=\"elementor-tab-title-2311\"><p>El m\u00e9todo que utilizamos para llevar a cabo los numerosos servicios que ofrecemos proporciona un resultado garantizado en cumplimiento de la normativa sobre redes sociales, mediante interacciones realizadas por usuarios reales, verificados y activos.<br \/>En el raro caso de que se produzca una interrupci\u00f3n anormal del servicio, ponte en contacto con nosotros inmediatamente escribiendo a <a href=\"mailto:info@unicawebstudio.com\">info@unicawebstudio.com<\/a> para que revisemos el pedido, nuestro equipo estar\u00e1 dispuesto a intervenir para restablecer el n\u00famero de visualizaciones adquiridas reiniciando la campa\u00f1a cuando sea necesario.<\/p>\n<\/div>\n\t\t\t\t<\/div>\n\t\t\t\t\t\t\t<div class=\"elementor-accordion-item\">\n\t\t\t\t\t<div id=\"elementor-tab-title-2312\" class=\"elementor-tab-title\" data-tab=\"2\" role=\"button\" aria-controls=\"elementor-tab-content-2312\" aria-expanded=\"false\">\n\t\t\t\t\t\t\t\t\t\t\t\t\t<span class=\"elementor-accordion-icon elementor-accordion-icon-left\" aria-hidden=\"true\">\n\t\t\t\t\t\t\t\t\t\t\t\t\t\t\t<span class=\"elementor-accordion-icon-closed\"><i class=\"fas fa-plus\"><\/i><\/span>\n\t\t\t\t\t\t\t\t<span class=\"elementor-accordion-icon-opened\"><i class=\"fas fa-minus\"><\/i><\/span>\n\t\t\t\t\t\t\t\t\t\t\t\t\t\t<\/span>\n\t\t\t\t\t\t\t\t\t\t\t\t<a class=\"elementor-accordion-title\" tabindex=\"0\">\u00bfCu\u00e1les son los plazos de entrega?<\/a>\n\t\t\t\t\t<\/div>\n\t\t\t\t\t<div id=\"elementor-tab-content-2312\" class=\"elementor-tab-content elementor-clearfix\" data-tab=\"2\" role=\"region\" aria-labelledby=\"elementor-tab-title-2312\"><p>Tras realizar el pago recibir\u00e1s autom\u00e1ticamente un correo electr\u00f3nico de confirmaci\u00f3n del pedido, el servicio se iniciar\u00e1, dependiendo del servicio elegido, en las 24 horas siguientes a la recepci\u00f3n del correo electr\u00f3nico.<br \/>Para algunos productos, esta activaci\u00f3n estar\u00e1 lista en 2\/3 horas.<br \/>El tiempo que se tarda en completar nuestras numerosas propuestas puede variar en funci\u00f3n de factores variables, como el estado de inter\u00e9s y el tr\u00e1fico disponible en l\u00ednea en ese momento, pero generalmente la campa\u00f1a se completa en 24 horas.<br \/>En caso de retrasos inmoderados, puedes ponerte en contacto con nosotros en <a href=\"mailto:info@unicawebstudio.com\">info@unicawebstudio.com<\/a> o en el n\u00famero de tel\u00e9fono <a href=\"https:\/\/wa.me\/393516977737\" target=\"_blank\" rel=\"noopener\">de WhatsApp<\/a> que aparece en el sitio web, y uno de nuestros asistentes estar\u00e1 a tu disposici\u00f3n para mejorar el rendimiento de la campa\u00f1a en la medida de lo posible.<\/p>\n<\/div>\n\t\t\t\t<\/div>\n\t\t\t\t\t\t\t<div class=\"elementor-accordion-item\">\n\t\t\t\t\t<div id=\"elementor-tab-title-2313\" class=\"elementor-tab-title\" data-tab=\"3\" role=\"button\" aria-controls=\"elementor-tab-content-2313\" aria-expanded=\"false\">\n\t\t\t\t\t\t\t\t\t\t\t\t\t<span class=\"elementor-accordion-icon elementor-accordion-icon-left\" aria-hidden=\"true\">\n\t\t\t\t\t\t\t\t\t\t\t\t\t\t\t<span class=\"elementor-accordion-icon-closed\"><i class=\"fas fa-plus\"><\/i><\/span>\n\t\t\t\t\t\t\t\t<span class=\"elementor-accordion-icon-opened\"><i class=\"fas fa-minus\"><\/i><\/span>\n\t\t\t\t\t\t\t\t\t\t\t\t\t\t<\/span>\n\t\t\t\t\t\t\t\t\t\t\t\t<a class=\"elementor-accordion-title\" tabindex=\"0\">Tengo una fecha l\u00edmite, \u00bfpueden terminar mi campa\u00f1a antes?<\/a>\n\t\t\t\t\t<\/div>\n\t\t\t\t\t<div id=\"elementor-tab-content-2313\" class=\"elementor-tab-content elementor-clearfix\" data-tab=\"3\" role=\"region\" aria-labelledby=\"elementor-tab-title-2313\"><p>Tu campa\u00f1a se procesar\u00e1 seg\u00fan el plazo indicado para este servicio, pero si tienes una fecha concreta en la que quieres recibir likes, te recomendamos que te pongas en contacto con nosotros antes de realizar la compra para saber cu\u00e1ntos likes puedes recibir en el tiempo que queda antes de la fecha l\u00edmite, con la ayuda de uno de nuestros expertos.<br \/>Si queda poco tiempo para conseguir los gustos deseados, no dudes en hac\u00e9rnoslo saber mencionando la solicitud de urgencia en las notas del pedido; tambi\u00e9n puedes comunic\u00e1rnoslo escribiendo a <a href=\"mailto:info@unicawebstudio.com\">info@unicawebstudio.com<\/a> o si prefieres un contacto r\u00e1pido puedes utilizar WhatsApp escribiendo a   <a href=\"https:\/\/wa.me\/393516977737\" target=\"_blank\" rel=\"noopener\">3516977737<\/a><\/p>\n<\/div>\n\t\t\t\t<\/div>\n\t\t\t\t\t\t\t<div class=\"elementor-accordion-item\">\n\t\t\t\t\t<div id=\"elementor-tab-title-2314\" class=\"elementor-tab-title\" data-tab=\"4\" role=\"button\" aria-controls=\"elementor-tab-content-2314\" aria-expanded=\"false\">\n\t\t\t\t\t\t\t\t\t\t\t\t\t<span class=\"elementor-accordion-icon elementor-accordion-icon-left\" aria-hidden=\"true\">\n\t\t\t\t\t\t\t\t\t\t\t\t\t\t\t<span class=\"elementor-accordion-icon-closed\"><i class=\"fas fa-plus\"><\/i><\/span>\n\t\t\t\t\t\t\t\t<span class=\"elementor-accordion-icon-opened\"><i class=\"fas fa-minus\"><\/i><\/span>\n\t\t\t\t\t\t\t\t\t\t\t\t\t\t<\/span>\n\t\t\t\t\t\t\t\t\t\t\t\t<a class=\"elementor-accordion-title\" tabindex=\"0\">\u00bfLos \"me gusta\" que recibo son exclusivamente italianos?<\/a>\n\t\t\t\t\t<\/div>\n\t\t\t\t\t<div id=\"elementor-tab-content-2314\" class=\"elementor-tab-content elementor-clearfix\" data-tab=\"4\" role=\"region\" aria-labelledby=\"elementor-tab-title-2314\"><p>La campa\u00f1a de likes italianos al post se procesa mediante invitaciones creadas manualmente en funci\u00f3n del tama\u00f1o del post o del grupo objetivo deseado, dentro de nuestra comunidad formada exclusivamente por usuarios reales y activos geolocalizados en Italia, que eligen espont\u00e1neamente que les guste el post sugerido.<br \/>Sin embargo, nos gustar\u00eda se\u00f1alar que cuando, por ejemplo, a un usuario italiano le guste tu post, esta acci\u00f3n estar\u00e1 presente en su registro de actividad y por este factor de rebote tambi\u00e9n se propondr\u00e1 a sus amigos, ampliando as\u00ed la visibilidad a los<i>\u00abamigos de amigos\u00bb<\/i>que siempre residen en Italia; entre ellos puede haber usuarios con nombre extranjero aunque no sean requeridos por nuestra campa\u00f1a.<br \/>Los Likes de usuarios extranjeros residentes en Italia, aunque en un peque\u00f1o porcentaje, no se contabilizar\u00e1n en nuestra campa\u00f1a.<\/p>\n<\/div>\n\t\t\t\t<\/div>\n\t\t\t\t\t\t\t\t<\/div>\n\t\t\t\t\t\t<\/div>\n\t\t\t\t<\/div>\n\t\t\t\t\t<\/div>\n\t\t<\/div>\n\t\t\t\t\t<\/div>\n\t\t<\/section>\n\t\t\t\t<\/div>\n\t\t","protected":false},"excerpt":{"rendered":"<p>Todas las preguntas frecuentes del sitio y de nuestros servicios Mayor interacci\u00f3n en Facebook \u00bfQu\u00e9 sistema utilizamos para potenciar tus servicios en Facebook?A diferencia de muchas agencias que ofrecen este servicio a precios de saldo, proporcionando interacciones desde perfiles falsos mediante el uso de bots, nuestra oferta de gesti\u00f3n de la actividad en Facebook se [&hellip;]<\/p>\n","protected":false},"author":2,"featured_media":0,"parent":0,"menu_order":0,"comment_status":"closed","ping_status":"closed","template":"","meta":{"_glsr_average":0,"_glsr_ranking":0,"_glsr_reviews":0,"footnotes":""},"class_list":["post-280320","page","type-page","status-publish","hentry"],"_links":{"self":[{"href":"https:\/\/unicawebstudio.com\/es\/wp-json\/wp\/v2\/pages\/280320","targetHints":{"allow":["GET"]}}],"collection":[{"href":"https:\/\/unicawebstudio.com\/es\/wp-json\/wp\/v2\/pages"}],"about":[{"href":"https:\/\/unicawebstudio.com\/es\/wp-json\/wp\/v2\/types\/page"}],"author":[{"embeddable":true,"href":"https:\/\/unicawebstudio.com\/es\/wp-json\/wp\/v2\/users\/2"}],"replies":[{"embeddable":true,"href":"https:\/\/unicawebstudio.com\/es\/wp-json\/wp\/v2\/comments?post=280320"}],"version-history":[{"count":1,"href":"https:\/\/unicawebstudio.com\/es\/wp-json\/wp\/v2\/pages\/280320\/revisions"}],"predecessor-version":[{"id":280321,"href":"https:\/\/unicawebstudio.com\/es\/wp-json\/wp\/v2\/pages\/280320\/revisions\/280321"}],"wp:attachment":[{"href":"https:\/\/unicawebstudio.com\/es\/wp-json\/wp\/v2\/media?parent=280320"}],"curies":[{"name":"wp","href":"https:\/\/api.w.org\/{rel}","templated":true}]}}