{"id":280317,"date":"2026-01-20T10:18:11","date_gmt":"2026-01-20T09:18:11","guid":{"rendered":"https:\/\/unicawebstudio.com\/politica-de-devolucion\/"},"modified":"2026-01-20T10:18:12","modified_gmt":"2026-01-20T09:18:12","slug":"politica-de-devolucion","status":"publish","type":"page","link":"https:\/\/unicawebstudio.com\/es\/politica-de-devolucion\/","title":{"rendered":"POL\u00cdTICA DE DEVOLUCI\u00d3N"},"content":{"rendered":"\t\t<div data-elementor-type=\"wp-page\" data-elementor-id=\"280317\" class=\"elementor elementor-280317 elementor-241361\" data-elementor-settings=\"{&quot;ha_cmc_init_switcher&quot;:&quot;no&quot;}\" data-elementor-post-type=\"page\">\n\t\t\t\t\t\t<section class=\"elementor-section elementor-top-section elementor-element elementor-element-5280035 elementor-section-boxed elementor-section-height-default elementor-section-height-default\" data-id=\"5280035\" data-element_type=\"section\" data-e-type=\"section\" data-settings=\"{&quot;jet_parallax_layout_list&quot;:[],&quot;background_background&quot;:&quot;classic&quot;,&quot;_ha_eqh_enable&quot;:false}\">\n\t\t\t\t\t\t<div class=\"elementor-container elementor-column-gap-default\">\n\t\t\t\t\t<div class=\"elementor-column elementor-col-100 elementor-top-column elementor-element elementor-element-076262c\" data-id=\"076262c\" data-element_type=\"column\" data-e-type=\"column\">\n\t\t\t<div class=\"elementor-widget-wrap elementor-element-populated\">\n\t\t\t\t\t\t<div class=\"elementor-element elementor-element-cf2a5b3 elementor-widget elementor-widget-heading\" data-id=\"cf2a5b3\" data-element_type=\"widget\" data-e-type=\"widget\" data-widget_type=\"heading.default\">\n\t\t\t\t<div class=\"elementor-widget-container\">\n\t\t\t\t\t<h1 class=\"elementor-heading-title elementor-size-default\">POL\u00cdTICA DE DEVOLUCI\u00d3N<\/h1>\t\t\t\t<\/div>\n\t\t\t\t<\/div>\n\t\t\t\t\t<\/div>\n\t\t<\/div>\n\t\t\t\t\t<\/div>\n\t\t<\/section>\n\t\t\t\t<section class=\"elementor-section elementor-top-section elementor-element elementor-element-cec3968 elementor-section-boxed elementor-section-height-default elementor-section-height-default\" data-id=\"cec3968\" data-element_type=\"section\" data-e-type=\"section\" data-settings=\"{&quot;jet_parallax_layout_list&quot;:[],&quot;background_background&quot;:&quot;classic&quot;,&quot;_ha_eqh_enable&quot;:false}\">\n\t\t\t\t\t\t<div class=\"elementor-container elementor-column-gap-default\">\n\t\t\t\t\t<div class=\"elementor-column elementor-col-100 elementor-top-column elementor-element elementor-element-d902d4b\" data-id=\"d902d4b\" data-element_type=\"column\" data-e-type=\"column\">\n\t\t\t<div class=\"elementor-widget-wrap elementor-element-populated\">\n\t\t\t\t\t\t<div class=\"elementor-element elementor-element-5470ac8 elementor-align-center elementor-widget elementor-widget-breadcrumbs\" data-id=\"5470ac8\" data-element_type=\"widget\" data-e-type=\"widget\" data-widget_type=\"breadcrumbs.default\">\n\t\t\t\t<div class=\"elementor-widget-container\">\n\t\t\t\t\t<nav aria-label=\"breadcrumbs\" class=\"rank-math-breadcrumb\"><p><span class=\"last\">Unica Web Studio<\/span><\/p><\/nav>\t\t\t\t<\/div>\n\t\t\t\t<\/div>\n\t\t\t\t\t<\/div>\n\t\t<\/div>\n\t\t\t\t\t<\/div>\n\t\t<\/section>\n\t\t\t\t<section class=\"elementor-section elementor-top-section elementor-element elementor-element-9921314 elementor-section-boxed elementor-section-height-default elementor-section-height-default\" data-id=\"9921314\" data-element_type=\"section\" data-e-type=\"section\" data-settings=\"{&quot;jet_parallax_layout_list&quot;:[],&quot;_ha_eqh_enable&quot;:false}\">\n\t\t\t\t\t\t<div class=\"elementor-container elementor-column-gap-default\">\n\t\t\t\t\t<div class=\"elementor-column elementor-col-100 elementor-top-column elementor-element elementor-element-c5d9e85\" data-id=\"c5d9e85\" data-element_type=\"column\" data-e-type=\"column\">\n\t\t\t<div class=\"elementor-widget-wrap elementor-element-populated\">\n\t\t\t\t\t\t<div class=\"elementor-element elementor-element-036e14c elementor-widget elementor-widget-text-editor\" data-id=\"036e14c\" data-element_type=\"widget\" data-e-type=\"widget\" data-widget_type=\"text-editor.default\">\n\t\t\t\t<div class=\"elementor-widget-container\">\n\t\t\t\t\t\t\t\t\t<p><strong>Pol\u00edtica de devoluciones<\/strong><br><strong>Servicios ofrecidos<\/strong><\/p><p>Los servicios ofrecidos en el sitio se describen detalladamente en las p\u00e1ginas de referencia del mismo. El sitio Unicawebstudio.com se compromete a suministrar los servicios en los plazos estimados establecidos y el cliente se compromete a respetar las condiciones contractuales del servicio adquirido. En caso de eventuales retrasos en la entrega, el cliente, tras ponerse en contacto con los responsables del sitio, podr\u00e1 decidir esperar el tiempo indicado debido a posibles retrasos en la entrega o solicitar el reembolso total del importe, s\u00f3lo y \u00fanicamente si el pedido a\u00fan no ha sido entregado, en caso contrario el reembolso ser\u00e1 parcial.  <\/p><p>Si, por ejemplo, el cliente ha comprado un paquete de 1.000 interacciones con un plazo de entrega previsto de 10 d\u00edas y en el d\u00e9cimo d\u00eda en la p\u00e1gina ya ha recibido parte de las interacciones solicitadas, est\u00e1 obligado a esperar el tiempo indicado para que el servicio se ralentice o solicitar un reembolso parcial proporcional al servicio ya entregado.<\/p><p>En caso de que el cliente siga insatisfecho con el servicio, el reembolso ser\u00e1 parcial (se deducir\u00e1n los gastos de env\u00edo) o total en el caso de un reembolso mediante un cup\u00f3n para una compra diferente.<\/p><p>Lo mismo se aplica a todos los dem\u00e1s servicios del sitio.<\/p><p><strong>Reembolso por renuncia al servicio<\/strong><\/p><p>Una vez prestado el servicio, ya no es posible solicitar la devoluci\u00f3n total. El reembolso en este caso ser\u00e1 parcial, ya que se realizar\u00e1 una deducci\u00f3n por los costes del servicio recibidos antes del aviso de rescisi\u00f3n, que ascienden aproximadamente al 40%. En la devoluci\u00f3n se tendr\u00e1 en cuenta el valor real del paquete en cuesti\u00f3n, sin promociones de ning\u00fan tipo ni valor a\u00f1adido posterior. Los costes de activaci\u00f3n, en cambio, correr\u00e1n \u00edntegramente a cargo de la agencia Unicawebstudio.com.   <\/p><p>Para m\u00e1s informaci\u00f3n escribe a <strong>info@unicawebstudio.com<br><br><\/strong><\/p>\t\t\t\t\t\t\t\t<\/div>\n\t\t\t\t<\/div>\n\t\t\t\t\t<\/div>\n\t\t<\/div>\n\t\t\t\t\t<\/div>\n\t\t<\/section>\n\t\t\t\t<\/div>\n\t\t","protected":false},"excerpt":{"rendered":"<p>POL\u00cdTICA DE DEVOLUCI\u00d3N Unica Web Studio Pol\u00edtica de devolucionesServicios ofrecidos Los servicios ofrecidos en el sitio se describen detalladamente en las p\u00e1ginas de referencia del mismo. El sitio Unicawebstudio.com se compromete a suministrar los servicios en los plazos estimados establecidos y el cliente se compromete a respetar las condiciones contractuales del servicio adquirido. En caso [&hellip;]<\/p>\n","protected":false},"author":2,"featured_media":0,"parent":0,"menu_order":0,"comment_status":"closed","ping_status":"closed","template":"","meta":{"_glsr_average":0,"_glsr_ranking":0,"_glsr_reviews":0,"footnotes":""},"class_list":["post-280317","page","type-page","status-publish","hentry"],"_links":{"self":[{"href":"https:\/\/unicawebstudio.com\/es\/wp-json\/wp\/v2\/pages\/280317","targetHints":{"allow":["GET"]}}],"collection":[{"href":"https:\/\/unicawebstudio.com\/es\/wp-json\/wp\/v2\/pages"}],"about":[{"href":"https:\/\/unicawebstudio.com\/es\/wp-json\/wp\/v2\/types\/page"}],"author":[{"embeddable":true,"href":"https:\/\/unicawebstudio.com\/es\/wp-json\/wp\/v2\/users\/2"}],"replies":[{"embeddable":true,"href":"https:\/\/unicawebstudio.com\/es\/wp-json\/wp\/v2\/comments?post=280317"}],"version-history":[{"count":1,"href":"https:\/\/unicawebstudio.com\/es\/wp-json\/wp\/v2\/pages\/280317\/revisions"}],"predecessor-version":[{"id":280319,"href":"https:\/\/unicawebstudio.com\/es\/wp-json\/wp\/v2\/pages\/280317\/revisions\/280319"}],"wp:attachment":[{"href":"https:\/\/unicawebstudio.com\/es\/wp-json\/wp\/v2\/media?parent=280317"}],"curies":[{"name":"wp","href":"https:\/\/api.w.org\/{rel}","templated":true}]}}