{"id":280309,"date":"2026-01-20T10:18:08","date_gmt":"2026-01-20T09:18:08","guid":{"rendered":"https:\/\/unicawebstudio.com\/condiciones-de-uso-para-afiliados\/"},"modified":"2026-01-20T10:18:11","modified_gmt":"2026-01-20T09:18:11","slug":"condiciones-de-uso-para-afiliados","status":"publish","type":"page","link":"https:\/\/unicawebstudio.com\/es\/condiciones-de-uso-para-afiliados\/","title":{"rendered":"Condiciones de uso para afiliados"},"content":{"rendered":"\t\t<div data-elementor-type=\"wp-page\" data-elementor-id=\"280309\" class=\"elementor elementor-280309 elementor-231925\" data-elementor-settings=\"{&quot;ha_cmc_init_switcher&quot;:&quot;no&quot;}\" data-elementor-post-type=\"page\">\n\t\t\t\t\t\t<section class=\"elementor-section elementor-top-section elementor-element elementor-element-903276a elementor-section-boxed elementor-section-height-default elementor-section-height-default\" data-id=\"903276a\" data-element_type=\"section\" data-e-type=\"section\" data-settings=\"{&quot;jet_parallax_layout_list&quot;:[],&quot;background_background&quot;:&quot;classic&quot;,&quot;_ha_eqh_enable&quot;:false}\">\n\t\t\t\t\t\t<div class=\"elementor-container elementor-column-gap-default\">\n\t\t\t\t\t<div class=\"elementor-column elementor-col-100 elementor-top-column elementor-element elementor-element-9f90074\" data-id=\"9f90074\" data-element_type=\"column\" data-e-type=\"column\">\n\t\t\t<div class=\"elementor-widget-wrap elementor-element-populated\">\n\t\t\t\t\t\t<div class=\"elementor-element elementor-element-73e960f elementor-widget elementor-widget-heading\" data-id=\"73e960f\" data-element_type=\"widget\" data-e-type=\"widget\" data-widget_type=\"heading.default\">\n\t\t\t\t<div class=\"elementor-widget-container\">\n\t\t\t\t\t<h2 class=\"elementor-heading-title elementor-size-default\">\u00c1rea de afiliados<\/h2>\t\t\t\t<\/div>\n\t\t\t\t<\/div>\n\t\t\t\t\t<\/div>\n\t\t<\/div>\n\t\t\t\t\t<\/div>\n\t\t<\/section>\n\t\t\t\t<section class=\"elementor-section elementor-top-section elementor-element elementor-element-3b97c16 elementor-section-boxed elementor-section-height-default elementor-section-height-default\" data-id=\"3b97c16\" data-element_type=\"section\" data-e-type=\"section\" data-settings=\"{&quot;jet_parallax_layout_list&quot;:[],&quot;_ha_eqh_enable&quot;:false}\">\n\t\t\t\t\t\t<div class=\"elementor-container elementor-column-gap-default\">\n\t\t\t\t\t<div class=\"elementor-column elementor-col-100 elementor-top-column elementor-element elementor-element-5b11886\" data-id=\"5b11886\" data-element_type=\"column\" data-e-type=\"column\">\n\t\t\t<div class=\"elementor-widget-wrap elementor-element-populated\">\n\t\t\t\t\t\t<div class=\"elementor-element elementor-element-8d6fc84 elementor-widget elementor-widget-heading\" data-id=\"8d6fc84\" data-element_type=\"widget\" data-e-type=\"widget\" data-widget_type=\"heading.default\">\n\t\t\t\t<div class=\"elementor-widget-container\">\n\t\t\t\t\t<h2 class=\"elementor-heading-title elementor-size-default\">Condiciones de uso del Programa de Afiliaci\u00f3n de Unica Web Studio<\/h2>\t\t\t\t<\/div>\n\t\t\t\t<\/div>\n\t\t\t\t<div class=\"elementor-element elementor-element-7e05bf7 elementor-widget elementor-widget-text-editor\" data-id=\"7e05bf7\" data-element_type=\"widget\" data-e-type=\"widget\" data-widget_type=\"text-editor.default\">\n\t\t\t\t<div class=\"elementor-widget-container\">\n\t\t\t\t\t\t\t\t\t<p><span style=\"color: #000000;\"><span style=\"font-family: Arial;\"><span style=\"font-size: large;\"><b>Acuerdo<\/b><\/span><\/span><\/span><\/p>\n<p><span style=\"color: #111111;\"><span style=\"font-family: Arial;\"><span style=\"font-size: medium;\">Al unirte al Programa de Afiliaci\u00f3n de Unica Web Studio como afiliado, aceptas expl\u00edcitamente las restricciones de los siguientes T\u00e9rminos y Condiciones de Uso.<\/span><\/span><\/span><\/p>\n<p>UNICA Web Studio se reserva el derecho de actualizar y modificar los T\u00e9rminos y Condiciones sin previo aviso. Cualquier actualizaci\u00f3n futura estar\u00e1 siempre sujeta a estos t\u00e9rminos. Tu uso continuado del programa de afiliados despu\u00e9s de estos cambios constituye tu consentimiento autom\u00e1tico.<br>La violaci\u00f3n de cualquiera de los t\u00e9rminos descritos en este acuerdo dar\u00e1 lugar a la cancelaci\u00f3n de tu cuenta de afiliado y a la p\u00e9rdida de cualquier comisi\u00f3n pendiente o ganada durante la violaci\u00f3n.  <\/p>\n<p><span style=\"color: #111111;\"><span style=\"font-family: Arial;\"><span style=\"font-size: medium;\">Antes de inscribirte, aseg\u00farate de leer atentamente las condiciones del Programa.<\/span><\/span><\/span><\/p>\n<p><\/p>\n<p><span style=\"color: #000000;\"><span style=\"font-family: Arial;\"><span style=\"font-size: large;\"><b><br><\/b><\/span><\/span><\/span><\/p>\n<p><span style=\"color: #000000;\"><span style=\"font-family: Arial;\"><span style=\"font-size: large;\"><b>Obligaciones del afiliado<\/b><\/span><\/span><\/span><\/p>\n<ul>\n<li><span style=\"color: #000000;\"><span style=\"font-family: Arial;\"><span style=\"font-size: medium;\">Declaras que eres mayor de edad.<br><\/span><\/span><\/span><\/li>\n<li><span style=\"color: #000000;\"><span style=\"font-family: Arial;\"><span style=\"font-size: medium;\">Toda la informaci\u00f3n proporcionada en el perfil de tu Cuenta y en el \u00c1rea de Afiliados debe ser verdadera. No est\u00e1n permitidas las cuentas registradas mediante \u00abbots\u00bb u otros m\u00e9todos automatizados. <\/span><\/span><\/span><\/li>\n<li><span style=\"color: #000000;\"><span style=\"font-family: Arial;\"><span style=\"font-size: medium;\">Ser\u00e1s el \u00fanico responsable de la gesti\u00f3n y mantenimiento de tu sitio web y de todos los materiales que aparezcan en \u00e9l. Garantizar\u00e1s que el contenido publicado en tu sitio web no vulnera los derechos de terceros (incluidos, por ejemplo, los derechos de autor, marca registrada, privacidad u otros derechos personales o de propiedad). Eres el \u00fanico responsable de la exactitud, veracidad y conformidad del contenido publicado en tu sitio web. No aceptamos ninguna responsabilidad por los enlaces que conduzcan desde tu sitio web a cualquier otro sitio web que no sea Unica Web Studio ni por cualquier contenido que pueda encontrarse siguiendo enlaces a sitios web de terceros.   <\/span><\/span><\/span><\/li>\n<li><span style=\"color: #000000;\"><span style=\"font-family: Arial;\"><span style=\"font-size: medium;\">No puedes utilizar el Programa de Afiliaci\u00f3n con fines ilegales o no autorizados. Al utilizar el Servicio, no debes infringir ninguna ley de tu jurisdicci\u00f3n (incluidas, entre otras, las leyes de derechos de autor). <\/span><\/span><\/span><\/li>\n<li><span style=\"color: #000000;\"><span style=\"font-family: Arial;\"><span style=\"font-size: medium;\">No puedes utilizar el Programa de Afiliaci\u00f3n para ganar dinero con tus cuentas de productos del estudio web Unica.<\/span><\/span><\/span><\/li>\n<li><span style=\"color: #000000;\"><span style=\"font-family: Arial;\"><span style=\"font-size: medium;\">Ser\u00e1s el \u00fanico responsable del material que publiques, dondequiera que decidas promocionar nuestros productos\/servicios.<\/span><\/span><\/span><\/li>\n<\/ul>\n<p><span style=\"color: #111111;\"><span style=\"font-family: Arial;\"><span style=\"font-size: large;\"><b><br><\/b><\/span><\/span><\/span><\/p>\n<p><span style=\"color: #111111;\"><span style=\"font-family: Arial;\"><span style=\"font-size: large;\"><b>Reconocimiento de Comisiones<\/b><\/span><\/span><\/span><\/p>\n<p><span style=\"color: #111111;\"><span style=\"font-family: Arial;\"><span style=\"font-size: medium;\">Recibir\u00e1s un enlace de afiliado exclusivo para promocionar el sitio.<\/span><\/span><\/span><\/p>\n<p><span style=\"color: #111111;\"><span style=\"font-family: Arial;\"><span style=\"font-size: medium;\">Recibir\u00e1s una <strong>comisi\u00f3n cuando un usuario realice una compra en el sitio web<\/strong> de UNICA Web Studio a trav\u00e9s del enlace de afiliado. Cualquier manipulaci\u00f3n o error en el enlace de afiliado supondr\u00e1 la no concesi\u00f3n de la comisi\u00f3n. <\/span><\/span><\/span><\/p>\n<p>No nos hacemos responsables de las consecuencias causadas por la modificaci\u00f3n o el error del enlace de afiliado.<\/p>\n<p>A pesar de que el enlace de afiliado remita a la p\u00e1gina del producto promocionado, seguir\u00e1s recibiendo la comisi\u00f3n por cualquier producto que compres en nuestro sitio.<\/p>\n<p><strong>S\u00f3lo<\/strong> se te pagar\u00e1n <strong>comisiones sobre las acciones generadas a trav\u00e9s del enlace de afiliado<\/strong> rastreado por el sistema automatizado de UNICA Web Studio.<br>Gracias al enlace personalizado, tu referente recibir\u00e1 inmediatamente un descuento del 10%, mientras que t\u00fa <strong>recibir\u00e1s una comisi\u00f3n del 20%<\/strong> del importe total sobre cada compra realizada por tu referente.<\/p>\n<p>S\u00f3lo podr\u00e1s solicitar pagos con cargo a tus ingresos de afiliaci\u00f3n cuando hayas alcanzado la <strong>cuota m\u00ednima de 50 \u20ac en el presupuesto actual.<\/strong><\/p>\n<p>Si tu cuenta de afiliado nunca supera el umbral m\u00ednimo de 50\u20ac, tus comisiones no se procesar\u00e1n ni pagar\u00e1n hasta que se alcance dicho umbral.<\/p>\n<p>No est\u00e1 permitido comprar servicios a trav\u00e9s de enlaces de afiliados para uso personal. Dichas compras pueden dar lugar, a nuestra entera discreci\u00f3n, a la denegaci\u00f3n de las comisiones por recomendaci\u00f3n y a la eliminaci\u00f3n del programa de afiliados. <\/p>\n<p>N.B.: Si tu cuenta permanece inactiva durante m\u00e1s de 90 d\u00edas consecutivos, se eliminar\u00e1 autom\u00e1ticamente del programa de afiliados. No obstante, podr\u00e1s volver a registrarte cuando te convenga. <\/p>\n<p><\/p>\n<h3><span style=\"color: #111111;\"><span style=\"font-family: Arial;\"><span style=\"font-size: large;\"><b><br><\/b><\/span><\/span><\/span><\/h3>\n<h3><span style=\"color: #111111;\"><span style=\"font-family: Arial;\"><span style=\"font-size: large;\"><b>M\u00e9todos de promoci\u00f3n permitidos y fomentados<\/b><\/span><\/span><\/span><\/h3>\n<ul>\n<li><span style=\"color: #111111;\"><span style=\"font-family: Arial;\"><span style=\"font-size: medium;\">En tu blog o sitio web, siempre que no entres en las categor\u00edas mencionadas a continuaci\u00f3n (Ver m\u00e9todos promocionales prohibidos.)<\/span><\/span><\/span><\/li>\n<li><span style=\"color: #111111;\"><span style=\"font-family: Arial;\"><span style=\"font-size: medium;\">En todas las redes sociales que poseas.<\/span><\/span><\/span><\/li>\n<li><span style=\"color: #111111;\"><span style=\"font-family: Arial;\"><span style=\"font-size: medium;\">A trav\u00e9s de sistemas publicitarios como Google Adwords o Facebook Ads<\/span><\/span><\/span><\/li>\n<li><span style=\"color: #111111;\"><span style=\"font-family: Arial;\"><span style=\"font-size: medium;\">El afiliado tambi\u00e9n puede promocionar el enlace de afiliado personalmente a trav\u00e9s de amigos o conocidos.<\/span><\/span><\/span><\/li>\n<\/ul>\n<h3>&nbsp;<\/h3>\n<h3><span style=\"color: #111111;\"><span style=\"font-family: Arial;\"><span style=\"font-size: large;\"><b>M\u00e9todos de promoci\u00f3n prohibidos<\/b><\/span><\/span><\/span><\/h3>\n<ul>\n<li><span style=\"color: #000000;\"><span style=\"font-family: Arial;\"><span style=\"font-size: medium;\">Est\u00e1 estrictamente prohibido patrocinar nuestro sitio con m\u00e9todos de spam<br>Enlaces, anuncios, correos electr\u00f3nicos, comentarios o cualquier otro tipo de spam.<\/span><\/span><\/span><\/li>\n<li><span style=\"color: #000000;\"><span style=\"font-family: Arial;\"><span style=\"font-size: medium;\">Est\u00e1 prohibida cualquier actividad ilegal o considerada ofensiva por nosotros: sitios con contenido pornogr\u00e1fico, sitios que infrinjan los derechos de autor, sitios con contenido racista, sitios que inciten a la violencia, sitios que promuevan actividades ilegales. Esto conllevar\u00eda la desactivaci\u00f3n de tu cuenta de afiliado y la suspensi\u00f3n de las ganancias generadas. <\/span><\/span><\/span><\/li>\n<li><span style=\"color: #000000;\"><span style=\"font-family: Arial;\"><span style=\"font-size: medium;\">De ninguna manera crees un post en tu sitio web para el estudio web Unica sin nuestro permiso.<\/span><\/span><\/span><\/li>\n<\/ul>\n<p><span style=\"color: #000000;\">&nbsp;<\/span><\/p>\n<p><span style=\"color: #000000;\"><span style=\"font-family: Arial;\"><span style=\"font-size: large;\"><b>Condiciones de pago<\/b><\/span><\/span><\/span><\/p>\n<p><span style=\"color: #111111;\"><span style=\"font-family: Arial;\"><span style=\"font-size: medium;\">No recibir\u00e1s ning\u00fan pago hasta que hayas alcanzado el umbral m\u00ednimo de 50\u20ac. S\u00f3lo se pagar\u00e1n los importes superiores a 50\u20ac. <\/span><\/span><\/span><\/p>\n<p><span style=\"color: #111111;\"><span style=\"font-family: Arial;\"><span style=\"font-size: medium;\">Recibir\u00e1s el pago por transferencia bancaria o PayPal en un plazo de 10 (diez) d\u00edas a partir de tu solicitud.<\/span><\/span><\/span><\/p>\n<p><span style=\"color: #111111;\"><span style=\"font-family: Arial;\"><span style=\"font-size: medium;\">Todos los usuarios proporcionados por ti que realicen una compra se convertir\u00e1n autom\u00e1ticamente en nuestros clientes.<\/span><\/span><\/span><\/p>\n<p><span style=\"color: #111111;\"><span style=\"font-family: Arial;\"><span style=\"font-size: medium;\">Ser\u00e1s el \u00fanico responsable del material que publiques, dondequiera que decidas promocionar nuestros productos\/servicios.<\/span><\/span><\/span><\/p>\n<p><span style=\"color: #111111;\"><span style=\"font-family: Arial;\"><span style=\"font-size: medium;\">Todos los enlaces promocionados por ti en otros sitios web deben llevar obligatoriamente el atributo rel=&#8217;nofollow&#8217;.<\/span><\/span><\/span><\/p>\n<p><\/p>\n<p><span style=\"color: #000000;\"><span style=\"font-family: Arial;\"><span style=\"font-size: large;\"><b><br><\/b><\/span><\/span><\/span><\/p>\n<p><span style=\"color: #000000;\"><span style=\"font-family: Arial;\"><span style=\"font-size: large;\"><b>Definici\u00f3n de cliente<\/b><\/span><\/span><\/span><\/p>\n<p><span style=\"color: #111111;\"><span style=\"font-family: Arial;\"><span style=\"font-size: medium;\">Los clientes que adquieran productos a trav\u00e9s de este programa ser\u00e1n considerados nuestros clientes. En consecuencia, todas nuestras normas, pol\u00edticas y procedimientos operativos relativos a pedidos de clientes, servicio al cliente y venta de productos se aplicar\u00e1n a dichos clientes. <\/span><\/span><\/span><\/p>\n<p><span style=\"color: #000000;\"><span style=\"font-family: Arial;\"><span style=\"font-size: large;\"><b><br><\/b><\/span><\/span><\/span><\/p><p><span style=\"color: #000000;\"><span style=\"font-family: Arial;\"><span style=\"font-size: large;\"><b>Condiciones del acuerdo<\/b><\/span><\/span><\/span><\/p>\n<p><span style=\"color: #111111;\"><span style=\"font-family: Arial;\"><span style=\"font-size: medium;\">La vigencia de este Acuerdo comenzar\u00e1 en el momento en que aceptemos tu solicitud para el Programa y finalizar\u00e1 cuando cualquiera de las partes lo rescinda. Puedes rescindir este Acuerdo en cualquier momento, con o sin causa, mediante una declaraci\u00f3n por escrito. Tras la rescisi\u00f3n de este Acuerdo por cualquier motivo, dejar\u00e1s de utilizarlo inmediatamente y eliminar\u00e1s de tu sitio todos los enlaces a https:\/\/unicawebstudio.com y todas nuestras marcas registradas.  <\/span><\/span><\/span><\/p>\n<p><span style=\"color: #111111;\"><span style=\"font-family: Arial;\"><span style=\"font-size: medium;\">UNICA Web Studio se reserva el derecho a finalizar el Programa en cualquier momento. Una vez finalizado el Programa, UNICA Web Studio abonar\u00e1 cualquier ingreso pendiente devengado que supere los 50 euros. <\/span><\/span><\/span><\/p>\n<p><span style=\"color: #111111;\"><span style=\"font-family: Arial;\"><span style=\"font-size: medium;\">UNICA Web Studio, se reserva el derecho de rechazar cualquier solicitud de afiliaci\u00f3n sin necesidad de indicar los motivos.<\/span><\/span><\/span><\/p>\n<p><span style=\"color: #111111;\"><span style=\"font-family: Arial;\"><span style=\"font-size: medium;\">UNICA Web Studio se reserva el derecho a actualizar y modificar las Condiciones del Servicio de vez en cuando sin previo aviso. Cualquier actualizaci\u00f3n futura estar\u00e1 siempre sujeta a estos t\u00e9rminos. Tu uso continuado del programa despu\u00e9s de dichos cambios constituir\u00e1 tu consentimiento autom\u00e1tico.  <\/span><\/span><\/span><\/p>\n<p><span style=\"color: #111111;\"><span style=\"font-family: Arial;\"><span style=\"font-size: medium;\">La violaci\u00f3n de cualquiera de los t\u00e9rminos aqu\u00ed expuestos tendr\u00e1 como consecuencia el cierre de tu cuenta y la p\u00e9rdida de cualquier comisi\u00f3n pendiente o ganada durante la violaci\u00f3n.<\/span><\/span><\/span><\/p>\n<p><span style=\"color: #111111;\"><span style=\"font-family: Arial;\"><span style=\"font-size: medium;\">Aceptas utilizar el Programa de Afiliaci\u00f3n por tu cuenta y riesgo.<\/span><\/span><\/span><\/p>\n<p><span style=\"color: #111111;\"><span style=\"font-family: Arial;\"><span style=\"font-size: medium;\">La aceptaci\u00f3n en el programa de afiliaci\u00f3n no implica ninguna asociaci\u00f3n ni ninguna otra cosa. En consecuencia, no tienes derecho a ning\u00fan trato especial ni a acceder a datos confidenciales. <\/span><\/span><\/span><\/p>\n<p><span style=\"color: #111111;\"><span style=\"font-family: Arial;\"><span style=\"font-size: medium;\">No garantizamos ning\u00fan tipo de beneficio, todo depender\u00e1 de tu capacidad para promocionar nuestros servicios.<\/span><\/span><\/span><\/p>\n<p><span style=\"color: #111111;\"><span style=\"font-family: Arial;\"><span style=\"font-size: medium;\"><br>Para m\u00e1s informaci\u00f3n y aclaraciones, ponte en contacto con nosotros en: <strong>info@unicawebstudio.com<\/strong><\/span><\/span><\/span><\/p>\t\t\t\t\t\t\t\t<\/div>\n\t\t\t\t<\/div>\n\t\t\t\t\t<\/div>\n\t\t<\/div>\n\t\t\t\t\t<\/div>\n\t\t<\/section>\n\t\t\t\t<\/div>\n\t\t","protected":false},"excerpt":{"rendered":"<p>\u00c1rea de afiliados Condiciones de uso del Programa de Afiliaci\u00f3n de Unica Web Studio Acuerdo Al unirte al Programa de Afiliaci\u00f3n de Unica Web Studio como afiliado, aceptas expl\u00edcitamente las restricciones de los siguientes T\u00e9rminos y Condiciones de Uso. UNICA Web Studio se reserva el derecho de actualizar y modificar los T\u00e9rminos y Condiciones sin [&hellip;]<\/p>\n","protected":false},"author":2,"featured_media":0,"parent":0,"menu_order":0,"comment_status":"closed","ping_status":"closed","template":"","meta":{"_glsr_average":0,"_glsr_ranking":0,"_glsr_reviews":0,"footnotes":""},"class_list":["post-280309","page","type-page","status-publish","hentry"],"_links":{"self":[{"href":"https:\/\/unicawebstudio.com\/es\/wp-json\/wp\/v2\/pages\/280309","targetHints":{"allow":["GET"]}}],"collection":[{"href":"https:\/\/unicawebstudio.com\/es\/wp-json\/wp\/v2\/pages"}],"about":[{"href":"https:\/\/unicawebstudio.com\/es\/wp-json\/wp\/v2\/types\/page"}],"author":[{"embeddable":true,"href":"https:\/\/unicawebstudio.com\/es\/wp-json\/wp\/v2\/users\/2"}],"replies":[{"embeddable":true,"href":"https:\/\/unicawebstudio.com\/es\/wp-json\/wp\/v2\/comments?post=280309"}],"version-history":[{"count":1,"href":"https:\/\/unicawebstudio.com\/es\/wp-json\/wp\/v2\/pages\/280309\/revisions"}],"predecessor-version":[{"id":280311,"href":"https:\/\/unicawebstudio.com\/es\/wp-json\/wp\/v2\/pages\/280309\/revisions\/280311"}],"wp:attachment":[{"href":"https:\/\/unicawebstudio.com\/es\/wp-json\/wp\/v2\/media?parent=280309"}],"curies":[{"name":"wp","href":"https:\/\/api.w.org\/{rel}","templated":true}]}}