{"id":278588,"date":"2026-01-19T17:56:29","date_gmt":"2026-01-19T16:56:29","guid":{"rendered":"https:\/\/unicawebstudio.com\/solicitar-un-reembolso\/"},"modified":"2026-01-19T17:56:32","modified_gmt":"2026-01-19T16:56:32","slug":"solicitar-un-reembolso","status":"publish","type":"page","link":"https:\/\/unicawebstudio.com\/es\/solicitar-un-reembolso\/","title":{"rendered":"Solicitar un reembolso"},"content":{"rendered":"\t\t<div data-elementor-type=\"wp-page\" data-elementor-id=\"278588\" class=\"elementor elementor-278588 elementor-241286\" data-elementor-settings=\"{&quot;ha_cmc_init_switcher&quot;:&quot;no&quot;}\" data-elementor-post-type=\"page\">\n\t\t\t\t\t\t<section class=\"elementor-section elementor-top-section elementor-element elementor-element-5280035 elementor-section-boxed elementor-section-height-default elementor-section-height-default\" data-id=\"5280035\" data-element_type=\"section\" data-e-type=\"section\" data-settings=\"{&quot;jet_parallax_layout_list&quot;:[],&quot;background_background&quot;:&quot;classic&quot;,&quot;_ha_eqh_enable&quot;:false}\">\n\t\t\t\t\t\t<div class=\"elementor-container elementor-column-gap-default\">\n\t\t\t\t\t<div class=\"elementor-column elementor-col-100 elementor-top-column elementor-element elementor-element-076262c\" data-id=\"076262c\" data-element_type=\"column\" data-e-type=\"column\">\n\t\t\t<div class=\"elementor-widget-wrap elementor-element-populated\">\n\t\t\t\t\t\t<div class=\"elementor-element elementor-element-cf2a5b3 elementor-widget elementor-widget-heading\" data-id=\"cf2a5b3\" data-element_type=\"widget\" data-e-type=\"widget\" data-widget_type=\"heading.default\">\n\t\t\t\t<div class=\"elementor-widget-container\">\n\t\t\t\t\t<h1 class=\"elementor-heading-title elementor-size-default\">SOLICITAR UN REEMBOLSO\n<\/h1>\t\t\t\t<\/div>\n\t\t\t\t<\/div>\n\t\t\t\t\t<\/div>\n\t\t<\/div>\n\t\t\t\t\t<\/div>\n\t\t<\/section>\n\t\t\t\t<section class=\"elementor-section elementor-top-section elementor-element elementor-element-cec3968 elementor-section-boxed elementor-section-height-default elementor-section-height-default\" data-id=\"cec3968\" data-element_type=\"section\" data-e-type=\"section\" data-settings=\"{&quot;jet_parallax_layout_list&quot;:[],&quot;background_background&quot;:&quot;classic&quot;,&quot;_ha_eqh_enable&quot;:false}\">\n\t\t\t\t\t\t<div class=\"elementor-container elementor-column-gap-default\">\n\t\t\t\t\t<div class=\"elementor-column elementor-col-100 elementor-top-column elementor-element elementor-element-d902d4b\" data-id=\"d902d4b\" data-element_type=\"column\" data-e-type=\"column\">\n\t\t\t<div class=\"elementor-widget-wrap elementor-element-populated\">\n\t\t\t\t\t\t<div class=\"elementor-element elementor-element-55a4d8e elementor-align-center elementor-widget elementor-widget-breadcrumbs\" data-id=\"55a4d8e\" data-element_type=\"widget\" data-e-type=\"widget\" data-widget_type=\"breadcrumbs.default\">\n\t\t\t\t<div class=\"elementor-widget-container\">\n\t\t\t\t\t<nav aria-label=\"breadcrumbs\" class=\"rank-math-breadcrumb\"><p><span class=\"last\">Unica Web Studio<\/span><\/p><\/nav>\t\t\t\t<\/div>\n\t\t\t\t<\/div>\n\t\t\t\t\t<\/div>\n\t\t<\/div>\n\t\t\t\t\t<\/div>\n\t\t<\/section>\n\t\t\t\t<section class=\"elementor-section elementor-top-section elementor-element elementor-element-9921314 elementor-section-boxed elementor-section-height-default elementor-section-height-default\" data-id=\"9921314\" data-element_type=\"section\" data-e-type=\"section\" data-settings=\"{&quot;jet_parallax_layout_list&quot;:[],&quot;_ha_eqh_enable&quot;:false}\">\n\t\t\t\t\t\t<div class=\"elementor-container elementor-column-gap-default\">\n\t\t\t\t\t<div class=\"elementor-column elementor-col-100 elementor-top-column elementor-element elementor-element-c5d9e85\" data-id=\"c5d9e85\" data-element_type=\"column\" data-e-type=\"column\">\n\t\t\t<div class=\"elementor-widget-wrap elementor-element-populated\">\n\t\t\t\t\t\t<div class=\"elementor-element elementor-element-2a60fd7 elementor-button-align-stretch elementor-widget elementor-widget-form\" data-id=\"2a60fd7\" data-element_type=\"widget\" data-e-type=\"widget\" data-settings=\"{&quot;step_next_label&quot;:&quot;Siguiente&quot;,&quot;step_previous_label&quot;:&quot;Anterior&quot;,&quot;button_width&quot;:&quot;100&quot;,&quot;step_type&quot;:&quot;number_text&quot;,&quot;step_icon_shape&quot;:&quot;circle&quot;}\" data-widget_type=\"form.default\">\n\t\t\t\t<div class=\"elementor-widget-container\">\n\t\t\t\t\t\t\t<form class=\"elementor-form\" method=\"post\" name=\"Nuevo formulario\" aria-label=\"Nuevo formulario\">\n\t\t\t<input type=\"hidden\" name=\"post_id\" value=\"278588\"\/>\n\t\t\t<input type=\"hidden\" name=\"form_id\" value=\"2a60fd7\"\/>\n\t\t\t<input type=\"hidden\" name=\"referer_title\" value=\"Solicitar un reembolso - UNICA Web Studio\" \/>\n\n\t\t\t\t\t\t\t<input type=\"hidden\" name=\"queried_id\" value=\"278588\"\/>\n\t\t\t\n\t\t\t<div class=\"elementor-form-fields-wrapper elementor-labels-above\">\n\t\t\t\t\t\t\t\t<div class=\"elementor-field-type-html elementor-field-group elementor-column elementor-field-group-email elementor-col-100\">\n\t\t\t\t\t<h3 style=\"color:#8f00ff;\"><b>Solicitar un reembolso<\/b><\/h3>\t\t\t\t<\/div>\n\t\t\t\t\t\t\t\t<div class=\"elementor-field-type-html elementor-field-group elementor-column elementor-field-group-field_c672cbb elementor-col-100\">\n\t\t\t\t\tEstimado cliente, para procesar tu solicitud te haremos algunas preguntas para rastrear tu compra. Cuanta m\u00e1s informaci\u00f3n nos proporciones, m\u00e1s r\u00e1pido podremos procesar tu solicitud.   \t\t\t\t<\/div>\n\t\t\t\t\t\t\t\t<div class=\"elementor-field-type-text elementor-field-group elementor-column elementor-field-group-field_7e85da1 elementor-col-100 elementor-field-required\">\n\t\t\t\t\t\t\t\t\t\t\t\t<label for=\"form-field-field_7e85da1\" class=\"elementor-field-label\">\n\t\t\t\t\t\t\t\t<b>Tu nombre:<\/b>\t\t\t\t\t\t\t<\/label>\n\t\t\t\t\t\t\t\t\t\t\t\t\t\t<input size=\"1\" type=\"text\" name=\"form_fields[field_7e85da1]\" id=\"form-field-field_7e85da1\" class=\"elementor-field elementor-size-sm  elementor-field-textual\" required=\"required\">\n\t\t\t\t\t\t\t\t\t\t\t<\/div>\n\t\t\t\t\t\t\t\t<div class=\"elementor-field-type-email elementor-field-group elementor-column elementor-field-group-field_85f6f52 elementor-col-100 elementor-field-required\">\n\t\t\t\t\t\t\t\t\t\t\t\t<label for=\"form-field-field_85f6f52\" class=\"elementor-field-label\">\n\t\t\t\t\t\t\t\t<b>Tu correo electr\u00f3nico:<\/b>\t\t\t\t\t\t\t<\/label>\n\t\t\t\t\t\t\t\t\t\t\t\t\t\t<input size=\"1\" type=\"email\" name=\"form_fields[field_85f6f52]\" id=\"form-field-field_85f6f52\" class=\"elementor-field elementor-size-sm  elementor-field-textual\" required=\"required\">\n\t\t\t\t\t\t\t\t\t\t\t<\/div>\n\t\t\t\t\t\t\t\t<div class=\"elementor-field-type-tel elementor-field-group elementor-column elementor-field-group-field_6d588e0 elementor-col-100 elementor-field-required\">\n\t\t\t\t\t\t\t\t\t\t\t\t<label for=\"form-field-field_6d588e0\" class=\"elementor-field-label\">\n\t\t\t\t\t\t\t\t<b>Tel\u00e9fono:<\/b>\t\t\t\t\t\t\t<\/label>\n\t\t\t\t\t\t\t\t<input size=\"1\" type=\"tel\" name=\"form_fields[field_6d588e0]\" id=\"form-field-field_6d588e0\" class=\"elementor-field elementor-size-sm  elementor-field-textual\" required=\"required\" pattern=\"[0-9()#&amp;+*-=.]+\" title=\"Solo se aceptan n\u00fameros y caracteres de tel\u00e9fono (#,-,*,etc).\">\n\n\t\t\t\t\t\t<\/div>\n\t\t\t\t\t\t\t\t<div class=\"elementor-field-type-number elementor-field-group elementor-column elementor-field-group-field_8b526c6 elementor-col-100 elementor-field-required\">\n\t\t\t\t\t\t\t\t\t\t\t\t<label for=\"form-field-field_8b526c6\" class=\"elementor-field-label\">\n\t\t\t\t\t\t\t\t<b>N\u00famero de pedido:<\/b>\t\t\t\t\t\t\t<\/label>\n\t\t\t\t\t\t\t\t\t<input type=\"number\" name=\"form_fields[field_8b526c6]\" id=\"form-field-field_8b526c6\" class=\"elementor-field elementor-size-sm  elementor-field-textual\" required=\"required\" min=\"\" max=\"\" >\n\t\t\t\t\t\t<\/div>\n\t\t\t\t\t\t\t\t<div class=\"elementor-field-type-textarea elementor-field-group elementor-column elementor-field-group-field_36303fa elementor-col-100 elementor-field-required\">\n\t\t\t\t\t\t\t\t\t\t\t\t<label for=\"form-field-field_36303fa\" class=\"elementor-field-label\">\n\t\t\t\t\t\t\t\t<b>Motivo de la reclamaci\u00f3n:<\/b>\t\t\t\t\t\t\t<\/label>\n\t\t\t\t\t\t<textarea class=\"elementor-field-textual elementor-field  elementor-size-sm\" name=\"form_fields[field_36303fa]\" id=\"form-field-field_36303fa\" rows=\"4\" required=\"required\"><\/textarea>\t\t\t\t<\/div>\n\t\t\t\t\t\t\t\t<div class=\"elementor-field-type-acceptance elementor-field-group elementor-column elementor-field-group-field_4be5bc7 elementor-col-100 elementor-field-required\">\n\t\t\t\t\t\t\t<div class=\"elementor-field-subgroup\">\n\t\t\t<span class=\"elementor-field-option\">\n\t\t\t\t<input type=\"checkbox\" name=\"form_fields[field_4be5bc7]\" id=\"form-field-field_4be5bc7\" class=\"elementor-field elementor-size-sm  elementor-acceptance-field\" required=\"required\">\n\t\t\t\t<label for=\"form-field-field_4be5bc7\">Acepto la <a href=\"http:\/\/unicawebstudio.com\/privacy-policy\/\">Pol\u00edtica de Privacidad<\/a> y la <a href=\"http:\/\/unicawebstudio.com\/politica-di-rimborso-refund-policy\/\">Pol\u00edtica de Reembolso<\/a><\/label>\t\t\t<\/span>\n\t\t<\/div>\n\t\t\t\t\t\t<\/div>\n\t\t\t\t\t\t\t\t<div class=\"elementor-field-group elementor-column elementor-field-type-submit elementor-col-100 e-form__buttons\">\n\t\t\t\t\t<button class=\"elementor-button elementor-size-sm\" type=\"submit\">\n\t\t\t\t\t\t<span class=\"elementor-button-content-wrapper\">\n\t\t\t\t\t\t\t\t\t\t\t\t\t\t\t\t\t\t\t\t\t\t<span class=\"elementor-button-text\">Env\u00eda<\/span>\n\t\t\t\t\t\t\t\t\t\t\t\t\t<\/span>\n\t\t\t\t\t<\/button>\n\t\t\t\t<\/div>\n\t\t\t<\/div>\n\t\t<\/form>\n\t\t\t\t\t\t<\/div>\n\t\t\t\t<\/div>\n\t\t\t\t\t<\/div>\n\t\t<\/div>\n\t\t\t\t\t<\/div>\n\t\t<\/section>\n\t\t\t\t<\/div>\n\t\t","protected":false},"excerpt":{"rendered":"<p>SOLICITAR UN REEMBOLSO Unica Web Studio<\/p>\n","protected":false},"author":1474,"featured_media":0,"parent":0,"menu_order":0,"comment_status":"closed","ping_status":"closed","template":"","meta":{"_glsr_average":0,"_glsr_ranking":0,"_glsr_reviews":0,"footnotes":""},"class_list":["post-278588","page","type-page","status-publish","hentry"],"_links":{"self":[{"href":"https:\/\/unicawebstudio.com\/es\/wp-json\/wp\/v2\/pages\/278588","targetHints":{"allow":["GET"]}}],"collection":[{"href":"https:\/\/unicawebstudio.com\/es\/wp-json\/wp\/v2\/pages"}],"about":[{"href":"https:\/\/unicawebstudio.com\/es\/wp-json\/wp\/v2\/types\/page"}],"author":[{"embeddable":true,"href":"https:\/\/unicawebstudio.com\/es\/wp-json\/wp\/v2\/users\/1474"}],"replies":[{"embeddable":true,"href":"https:\/\/unicawebstudio.com\/es\/wp-json\/wp\/v2\/comments?post=278588"}],"version-history":[{"count":1,"href":"https:\/\/unicawebstudio.com\/es\/wp-json\/wp\/v2\/pages\/278588\/revisions"}],"predecessor-version":[{"id":278589,"href":"https:\/\/unicawebstudio.com\/es\/wp-json\/wp\/v2\/pages\/278588\/revisions\/278589"}],"wp:attachment":[{"href":"https:\/\/unicawebstudio.com\/es\/wp-json\/wp\/v2\/media?parent=278588"}],"curies":[{"name":"wp","href":"https:\/\/api.w.org\/{rel}","templated":true}]}}