{"id":277990,"date":"2026-01-19T12:08:48","date_gmt":"2026-01-19T11:08:48","guid":{"rendered":"https:\/\/unicawebstudio.com\/como-funciona\/"},"modified":"2026-01-19T12:08:49","modified_gmt":"2026-01-19T11:08:49","slug":"como-funciona","status":"publish","type":"page","link":"https:\/\/unicawebstudio.com\/es\/como-funciona\/","title":{"rendered":"C\u00f3mo funciona"},"content":{"rendered":"\t\t<div data-elementor-type=\"wp-page\" data-elementor-id=\"277990\" class=\"elementor elementor-277990 elementor-77\" data-elementor-settings=\"{&quot;ha_cmc_init_switcher&quot;:&quot;no&quot;}\" data-elementor-post-type=\"page\">\n\t\t\t\t\t\t<section class=\"elementor-section elementor-top-section elementor-element elementor-element-8b418d8 elementor-section-boxed elementor-section-height-default elementor-section-height-default\" data-id=\"8b418d8\" data-element_type=\"section\" data-e-type=\"section\" data-settings=\"{&quot;jet_parallax_layout_list&quot;:[],&quot;background_background&quot;:&quot;classic&quot;,&quot;_ha_eqh_enable&quot;:false}\">\n\t\t\t\t\t\t<div class=\"elementor-container elementor-column-gap-default\">\n\t\t\t\t\t<div class=\"elementor-column elementor-col-100 elementor-top-column elementor-element elementor-element-29a6e19\" data-id=\"29a6e19\" data-element_type=\"column\" data-e-type=\"column\">\n\t\t\t<div class=\"elementor-widget-wrap elementor-element-populated\">\n\t\t\t\t\t\t<div class=\"elementor-element elementor-element-1ea3877 elementor-widget elementor-widget-heading\" data-id=\"1ea3877\" data-element_type=\"widget\" data-e-type=\"widget\" data-widget_type=\"heading.default\">\n\t\t\t\t<div class=\"elementor-widget-container\">\n\t\t\t\t\t<h2 class=\"elementor-heading-title elementor-size-default\">C\u00f3mo funciona<\/h2>\t\t\t\t<\/div>\n\t\t\t\t<\/div>\n\t\t\t\t\t<\/div>\n\t\t<\/div>\n\t\t\t\t\t<\/div>\n\t\t<\/section>\n\t\t\t\t<section class=\"elementor-section elementor-top-section elementor-element elementor-element-1bf6b34 elementor-section-boxed elementor-section-height-default elementor-section-height-default\" data-id=\"1bf6b34\" data-element_type=\"section\" data-e-type=\"section\" data-settings=\"{&quot;jet_parallax_layout_list&quot;:[{&quot;jet_parallax_layout_image&quot;:{&quot;url&quot;:&quot;&quot;,&quot;id&quot;:&quot;&quot;,&quot;size&quot;:&quot;&quot;},&quot;_id&quot;:&quot;d1c6abc&quot;,&quot;jet_parallax_layout_image_tablet&quot;:{&quot;url&quot;:&quot;&quot;,&quot;id&quot;:&quot;&quot;,&quot;size&quot;:&quot;&quot;},&quot;jet_parallax_layout_image_mobile&quot;:{&quot;url&quot;:&quot;&quot;,&quot;id&quot;:&quot;&quot;,&quot;size&quot;:&quot;&quot;},&quot;jet_parallax_layout_speed&quot;:{&quot;unit&quot;:&quot;%&quot;,&quot;size&quot;:50,&quot;sizes&quot;:[]},&quot;jet_parallax_layout_type&quot;:&quot;scroll&quot;,&quot;jet_parallax_layout_direction&quot;:&quot;1&quot;,&quot;jet_parallax_layout_fx_direction&quot;:null,&quot;jet_parallax_layout_z_index&quot;:&quot;&quot;,&quot;jet_parallax_layout_bg_x&quot;:50,&quot;jet_parallax_layout_bg_x_tablet&quot;:&quot;&quot;,&quot;jet_parallax_layout_bg_x_mobile&quot;:&quot;&quot;,&quot;jet_parallax_layout_bg_y&quot;:50,&quot;jet_parallax_layout_bg_y_tablet&quot;:&quot;&quot;,&quot;jet_parallax_layout_bg_y_mobile&quot;:&quot;&quot;,&quot;jet_parallax_layout_bg_size&quot;:&quot;auto&quot;,&quot;jet_parallax_layout_bg_size_tablet&quot;:&quot;&quot;,&quot;jet_parallax_layout_bg_size_mobile&quot;:&quot;&quot;,&quot;jet_parallax_layout_animation_prop&quot;:&quot;transform&quot;,&quot;jet_parallax_layout_on&quot;:[&quot;desktop&quot;,&quot;tablet&quot;]}],&quot;_ha_eqh_enable&quot;:false}\">\n\t\t\t\t\t\t<div class=\"elementor-container elementor-column-gap-wider\">\n\t\t\t\t\t<div class=\"elementor-column elementor-col-100 elementor-top-column elementor-element elementor-element-5012e94\" data-id=\"5012e94\" data-element_type=\"column\" data-e-type=\"column\">\n\t\t\t<div class=\"elementor-widget-wrap elementor-element-populated\">\n\t\t\t\t\t\t<div class=\"elementor-element elementor-element-6427ae5 elementor-widget elementor-widget-image\" data-id=\"6427ae5\" data-element_type=\"widget\" data-e-type=\"widget\" data-widget_type=\"image.default\">\n\t\t\t\t<div class=\"elementor-widget-container\">\n\t\t\t\t\t\t\t\t\t\t\t\t\t\t\t<img decoding=\"async\" src=\"http:\/\/unicawebstudio.com\/wp-content\/uploads\/2020\/08\/sviluppo-fan-base.png\" title=\"\" alt=\"\" loading=\"lazy\" \/>\t\t\t\t\t\t\t\t\t\t\t\t\t\t\t<\/div>\n\t\t\t\t<\/div>\n\t\t\t\t<div class=\"elementor-element elementor-element-224f09d elementor-hidden-phone elementor-widget-divider--view-line elementor-widget elementor-widget-divider\" data-id=\"224f09d\" data-element_type=\"widget\" data-e-type=\"widget\" data-widget_type=\"divider.default\">\n\t\t\t\t<div class=\"elementor-widget-container\">\n\t\t\t\t\t\t\t<div class=\"elementor-divider\">\n\t\t\t<span class=\"elementor-divider-separator\">\n\t\t\t\t\t\t<\/span>\n\t\t<\/div>\n\t\t\t\t\t\t<\/div>\n\t\t\t\t<\/div>\n\t\t\t\t<div class=\"elementor-element elementor-element-d752106 elementor-widget elementor-widget-text-editor\" data-id=\"d752106\" data-element_type=\"widget\" data-e-type=\"widget\" data-widget_type=\"text-editor.default\">\n\t\t\t\t<div class=\"elementor-widget-container\">\n\t\t\t\t\t\t\t\t\t<strong>Unica Web Studio<\/strong> es una agencia de marketing que te ayuda a <strong>escalar las alturas sociales<\/strong> ofreci\u00e9ndote <strong>paquetes de compra de likes, comentarios, interacciones, reproducciones<\/strong>&#8230; para cada plataforma.<br><br>\n\u00a1Pero no acaba ah\u00ed! Nuestros servicios son variados: desde el trabajo con agencias de marketing de influencers hasta la planificaci\u00f3n de la comunicaci\u00f3n y los estudios de identidad de marca. Te sugerimos y mostramos la forma correcta de crear contenidos de \u00e9xito y tambi\u00e9n te ayudamos a crear sitios web, fotos, v\u00eddeos y contenidos atractivos para tus canales.  <br><br>\nNuestro punto fuerte, sin embargo, es sin duda la posibilidad de <strong>comprar seguidores<\/strong> e <strong>interacciones<\/strong> <strong>reales<\/strong> para tus canales sociales. Ser\u00e1n todos leads y contactos de perfiles que est\u00e1n en el objetivo y \u00a1existen de verdad! \u00a1Perfecto para el crecimiento constante de tus perfiles de Facebook, Instagram, Spotify, TikTok!  <br><br>\nCon Unica Web Studio encontrar\u00e1s por fin todas las respuestas que buscabas para hacer de tu realidad una marca de gran \u00e9xito.\t\t\t\t\t\t\t\t<\/div>\n\t\t\t\t<\/div>\n\t\t\t\t\t<\/div>\n\t\t<\/div>\n\t\t\t\t\t<\/div>\n\t\t<\/section>\n\t\t\t\t<\/div>\n\t\t","protected":false},"excerpt":{"rendered":"<p>C\u00f3mo funciona Unica Web Studio es una agencia de marketing que te ayuda a escalar las alturas sociales ofreci\u00e9ndote paquetes de compra de likes, comentarios, interacciones, reproducciones&#8230; para cada plataforma. \u00a1Pero no acaba ah\u00ed! Nuestros servicios son variados: desde el trabajo con agencias de marketing de influencers hasta la planificaci\u00f3n de la comunicaci\u00f3n y los [&hellip;]<\/p>\n","protected":false},"author":2,"featured_media":0,"parent":0,"menu_order":0,"comment_status":"closed","ping_status":"closed","template":"","meta":{"_glsr_average":0,"_glsr_ranking":0,"_glsr_reviews":0,"footnotes":""},"class_list":["post-277990","page","type-page","status-publish","hentry"],"_links":{"self":[{"href":"https:\/\/unicawebstudio.com\/es\/wp-json\/wp\/v2\/pages\/277990","targetHints":{"allow":["GET"]}}],"collection":[{"href":"https:\/\/unicawebstudio.com\/es\/wp-json\/wp\/v2\/pages"}],"about":[{"href":"https:\/\/unicawebstudio.com\/es\/wp-json\/wp\/v2\/types\/page"}],"author":[{"embeddable":true,"href":"https:\/\/unicawebstudio.com\/es\/wp-json\/wp\/v2\/users\/2"}],"replies":[{"embeddable":true,"href":"https:\/\/unicawebstudio.com\/es\/wp-json\/wp\/v2\/comments?post=277990"}],"version-history":[{"count":2,"href":"https:\/\/unicawebstudio.com\/es\/wp-json\/wp\/v2\/pages\/277990\/revisions"}],"predecessor-version":[{"id":277992,"href":"https:\/\/unicawebstudio.com\/es\/wp-json\/wp\/v2\/pages\/277990\/revisions\/277992"}],"wp:attachment":[{"href":"https:\/\/unicawebstudio.com\/es\/wp-json\/wp\/v2\/media?parent=277990"}],"curies":[{"name":"wp","href":"https:\/\/api.w.org\/{rel}","templated":true}]}}